{"id":704,"date":"2025-04-26T14:29:38","date_gmt":"2025-04-26T14:29:38","guid":{"rendered":"https:\/\/hijabgirl-shop.com\/producto\/panuelo-alta-gama-paleta-moda-y-arte\/"},"modified":"2025-06-13T01:59:29","modified_gmt":"2025-06-13T01:59:29","slug":"panuelo-alta-gama-paleta-moda-y-arte","status":"publish","type":"product","link":"https:\/\/hijabgirl-shop.com\/en\/producto\/panuelo-alta-gama-paleta-moda-y-arte\/","title":{"rendered":"Pa\u00f1uelo Alta Gama Paleta Moda y Arte"},"content":{"rendered":"","protected":false},"excerpt":{"rendered":"<p>Pa\u00f1uelo elegante que combina moda y arte con colores \u00fanicos.<\/p>\n","protected":false},"featured_media":426,"comment_status":"open","ping_status":"closed","template":"","meta":{"_acf_changed":false,"iawp_total_views":0},"marca":[51,45],"product_brand":[],"product_cat":[103,104],"product_tag":[105,117,107],"class_list":{"0":"post-704","1":"product","2":"type-product","3":"status-publish","4":"has-post-thumbnail","6":"marca-artetextil","7":"marca-byrihayla","8":"product_cat-colores-en","9":"product_cat-moda-en","10":"product_tag-arte-en","11":"product_tag-lujo-en","12":"product_tag-moda-en","14":"first","15":"instock","16":"sale","17":"shipping-taxable","18":"purchasable","19":"product-type-simple"},"acf":[],"yoast_head":"<!-- This site is optimized with the Yoast SEO plugin v27.4 - https:\/\/yoast.com\/product\/yoast-seo-wordpress\/ -->\n<title>Pa\u00f1uelo Alta Gama Moda y Arte - Byrihayla<\/title>\n<meta name=\"description\" content=\"Descubre el elegante pa\u00f1uelo que fusiona moda y arte con colores \u00fanicos. Aprovecha el precio especial de 310,50 \u20ac y env\u00edos gratis. \u00a1Ideal para tu estilo!\" \/>\n<meta name=\"robots\" content=\"index, follow, max-snippet:-1, max-image-preview:large, max-video-preview:-1\" \/>\n<link rel=\"canonical\" href=\"https:\/\/hijabgirl-shop.com\/en\/producto\/panuelo-alta-gama-paleta-moda-y-arte\/\" \/>\n<meta property=\"og:locale\" content=\"en_US\" \/>\n<meta property=\"og:type\" content=\"article\" \/>\n<meta property=\"og:title\" content=\"Pa\u00f1uelo Alta Gama Moda y Arte - Byrihayla\" \/>\n<meta property=\"og:description\" content=\"Descubre el elegante pa\u00f1uelo que fusiona moda y arte con colores \u00fanicos. Aprovecha el precio especial de 310,50 \u20ac y env\u00edos gratis. \u00a1Ideal para tu estilo!\" \/>\n<meta property=\"og:url\" content=\"https:\/\/hijabgirl-shop.com\/en\/producto\/panuelo-alta-gama-paleta-moda-y-arte\/\" \/>\n<meta property=\"og:site_name\" content=\"Byrihayla\" \/>\n<meta property=\"article:modified_time\" content=\"2025-06-13T01:59:29+00:00\" \/>\n<meta property=\"og:image\" content=\"https:\/\/hijabgirl-shop.com\/wp-content\/uploads\/2025\/04\/Leonardo_Vision_XL_Disear_una_imagen_de_un_pauelo_de_alta_gama_0-1024x832.jpg\" \/>\n\t<meta property=\"og:image:width\" content=\"1024\" \/>\n\t<meta property=\"og:image:height\" content=\"832\" \/>\n\t<meta property=\"og:image:type\" content=\"image\/jpeg\" \/>\n<meta name=\"twitter:card\" content=\"summary_large_image\" \/>\n<!-- \/ Yoast SEO plugin. -->","yoast_head_json":{"title":"Pa\u00f1uelo Alta Gama Moda y Arte - Byrihayla","description":"Descubre el elegante pa\u00f1uelo que fusiona moda y arte con colores \u00fanicos. Aprovecha el precio especial de 310,50 \u20ac y env\u00edos gratis. \u00a1Ideal para tu estilo!","robots":{"index":"index","follow":"follow","max-snippet":"max-snippet:-1","max-image-preview":"max-image-preview:large","max-video-preview":"max-video-preview:-1"},"canonical":"https:\/\/hijabgirl-shop.com\/en\/producto\/panuelo-alta-gama-paleta-moda-y-arte\/","og_locale":"en_US","og_type":"article","og_title":"Pa\u00f1uelo Alta Gama Moda y Arte - Byrihayla","og_description":"Descubre el elegante pa\u00f1uelo que fusiona moda y arte con colores \u00fanicos. Aprovecha el precio especial de 310,50 \u20ac y env\u00edos gratis. \u00a1Ideal para tu estilo!","og_url":"https:\/\/hijabgirl-shop.com\/en\/producto\/panuelo-alta-gama-paleta-moda-y-arte\/","og_site_name":"Byrihayla","article_modified_time":"2025-06-13T01:59:29+00:00","og_image":[{"width":1024,"height":832,"url":"https:\/\/hijabgirl-shop.com\/wp-content\/uploads\/2025\/04\/Leonardo_Vision_XL_Disear_una_imagen_de_un_pauelo_de_alta_gama_0-1024x832.jpg","type":"image\/jpeg"}],"twitter_card":"summary_large_image","schema":{"@context":"https:\/\/schema.org","@graph":[{"@type":"WebPage","@id":"https:\/\/hijabgirl-shop.com\/en\/producto\/panuelo-alta-gama-paleta-moda-y-arte\/","url":"https:\/\/hijabgirl-shop.com\/en\/producto\/panuelo-alta-gama-paleta-moda-y-arte\/","name":"Pa\u00f1uelo Alta Gama Moda y Arte - Byrihayla","isPartOf":{"@id":"https:\/\/hijabgirl-shop.com\/en\/#website"},"primaryImageOfPage":{"@id":"https:\/\/hijabgirl-shop.com\/en\/producto\/panuelo-alta-gama-paleta-moda-y-arte\/#primaryimage"},"image":{"@id":"https:\/\/hijabgirl-shop.com\/en\/producto\/panuelo-alta-gama-paleta-moda-y-arte\/#primaryimage"},"thumbnailUrl":"https:\/\/hijabgirl-shop.com\/wp-content\/uploads\/2025\/04\/Leonardo_Vision_XL_Disear_una_imagen_de_un_pauelo_de_alta_gama_0.jpg","datePublished":"2025-04-26T14:29:38+00:00","dateModified":"2025-06-13T01:59:29+00:00","description":"Descubre el elegante pa\u00f1uelo que fusiona moda y arte con colores \u00fanicos. Aprovecha el precio especial de 310,50 \u20ac y env\u00edos gratis. \u00a1Ideal para tu estilo!","breadcrumb":{"@id":"https:\/\/hijabgirl-shop.com\/en\/producto\/panuelo-alta-gama-paleta-moda-y-arte\/#breadcrumb"},"inLanguage":"en-US","potentialAction":[{"@type":"ReadAction","target":["https:\/\/hijabgirl-shop.com\/en\/producto\/panuelo-alta-gama-paleta-moda-y-arte\/"]}]},{"@type":"ImageObject","inLanguage":"en-US","@id":"https:\/\/hijabgirl-shop.com\/en\/producto\/panuelo-alta-gama-paleta-moda-y-arte\/#primaryimage","url":"https:\/\/hijabgirl-shop.com\/wp-content\/uploads\/2025\/04\/Leonardo_Vision_XL_Disear_una_imagen_de_un_pauelo_de_alta_gama_0.jpg","contentUrl":"https:\/\/hijabgirl-shop.com\/wp-content\/uploads\/2025\/04\/Leonardo_Vision_XL_Disear_una_imagen_de_un_pauelo_de_alta_gama_0.jpg","width":1792,"height":1456},{"@type":"BreadcrumbList","@id":"https:\/\/hijabgirl-shop.com\/en\/producto\/panuelo-alta-gama-paleta-moda-y-arte\/#breadcrumb","itemListElement":[{"@type":"ListItem","position":1,"name":"Portada","item":"https:\/\/hijabgirl-shop.com\/en\/"},{"@type":"ListItem","position":2,"name":"Tienda","item":"https:\/\/hijabgirl-shop.com\/en\/tienda\/"},{"@type":"ListItem","position":3,"name":"Pa\u00f1uelo Alta Gama Paleta Moda y Arte"}]},{"@type":"WebSite","@id":"https:\/\/hijabgirl-shop.com\/en\/#website","url":"https:\/\/hijabgirl-shop.com\/en\/","name":"Byrihayla","description":"","publisher":{"@id":"https:\/\/hijabgirl-shop.com\/en\/#organization"},"potentialAction":[{"@type":"SearchAction","target":{"@type":"EntryPoint","urlTemplate":"https:\/\/hijabgirl-shop.com\/en\/?s={search_term_string}"},"query-input":{"@type":"PropertyValueSpecification","valueRequired":true,"valueName":"search_term_string"}}],"inLanguage":"en-US"},{"@type":"Organization","@id":"https:\/\/hijabgirl-shop.com\/en\/#organization","name":"Byrihayla","url":"https:\/\/hijabgirl-shop.com\/en\/","logo":{"@type":"ImageObject","inLanguage":"en-US","@id":"https:\/\/hijabgirl-shop.com\/en\/#\/schema\/logo\/image\/","url":"https:\/\/hijabgirl-shop.com\/wp-content\/uploads\/2025\/04\/Leonardo_Phoenix_09_Disear_un_logotipo_para_la_empresa_Byrihay_0.jpg","contentUrl":"https:\/\/hijabgirl-shop.com\/wp-content\/uploads\/2025\/04\/Leonardo_Phoenix_09_Disear_un_logotipo_para_la_empresa_Byrihay_0.jpg","width":768,"height":768,"caption":" Byrihayla"},"image":{"@id":"https:\/\/hijabgirl-shop.com\/en\/#\/schema\/logo\/image\/"}}]}},"_links":{"self":[{"href":"https:\/\/hijabgirl-shop.com\/en\/wp-json\/wp\/v2\/product\/704","targetHints":{"allow":["GET"]}}],"collection":[{"href":"https:\/\/hijabgirl-shop.com\/en\/wp-json\/wp\/v2\/product"}],"about":[{"href":"https:\/\/hijabgirl-shop.com\/en\/wp-json\/wp\/v2\/types\/product"}],"replies":[{"embeddable":true,"href":"https:\/\/hijabgirl-shop.com\/en\/wp-json\/wp\/v2\/comments?post=704"}],"wp:featuredmedia":[{"embeddable":true,"href":"https:\/\/hijabgirl-shop.com\/en\/wp-json\/wp\/v2\/media\/426"}],"wp:attachment":[{"href":"https:\/\/hijabgirl-shop.com\/en\/wp-json\/wp\/v2\/media?parent=704"}],"wp:term":[{"taxonomy":"marca","embeddable":true,"href":"https:\/\/hijabgirl-shop.com\/en\/wp-json\/wp\/v2\/marca?post=704"},{"taxonomy":"product_brand","embeddable":true,"href":"https:\/\/hijabgirl-shop.com\/en\/wp-json\/wp\/v2\/product_brand?post=704"},{"taxonomy":"product_cat","embeddable":true,"href":"https:\/\/hijabgirl-shop.com\/en\/wp-json\/wp\/v2\/product_cat?post=704"},{"taxonomy":"product_tag","embeddable":true,"href":"https:\/\/hijabgirl-shop.com\/en\/wp-json\/wp\/v2\/product_tag?post=704"}],"curies":[{"name":"wp","href":"https:\/\/api.w.org\/{rel}","templated":true}]}}