{"id":672,"date":"2025-04-26T14:38:53","date_gmt":"2025-04-26T14:38:53","guid":{"rendered":"https:\/\/hijabgirl-shop.com\/producto\/panuelo-de-seda-lujoso-tonos-artisticos\/"},"modified":"2025-06-13T01:41:47","modified_gmt":"2025-06-13T01:41:47","slug":"panuelo-de-seda-lujoso-tonos-artisticos","status":"publish","type":"product","link":"https:\/\/hijabgirl-shop.com\/ar\/producto\/panuelo-de-seda-lujoso-tonos-artisticos\/","title":{"rendered":"Pa\u00f1uelo de Seda Lujoso Tonos Art\u00edsticos"},"content":{"rendered":"","protected":false},"excerpt":{"rendered":"<p>Pa\u00f1uelo de seda con dise\u00f1o art\u00edstico para un look \u00fanico.<\/p>\n","protected":false},"featured_media":569,"comment_status":"open","ping_status":"closed","template":"","meta":{"_acf_changed":false,"iawp_total_views":0},"marca":[51,45],"product_brand":[],"product_cat":[82,83],"product_tag":[84,96,86],"class_list":{"0":"post-672","1":"product","2":"type-product","3":"status-publish","4":"has-post-thumbnail","6":"marca-artetextil","7":"marca-byrihayla","8":"product_cat-colores-ar","9":"product_cat-moda-ar","10":"product_tag-arte-ar","11":"product_tag-lujo-ar","12":"product_tag-moda-ar","14":"first","15":"instock","16":"sale","17":"shipping-taxable","18":"purchasable","19":"product-type-simple"},"acf":[],"yoast_head":"<!-- This site is optimized with the Yoast SEO plugin v27.4 - https:\/\/yoast.com\/product\/yoast-seo-wordpress\/ -->\n<title>Pa\u00f1uelo Seda Lujoso - Tonos Art\u00edsticos | Byrihayla<\/title>\n<meta name=\"description\" content=\"Descubre el pa\u00f1uelo de seda lujoso con dise\u00f1o art\u00edstico a un precio especial de 363,00 \u20ac. Elegancia y estilo \u00fanicos para destacar.\" \/>\n<meta name=\"robots\" content=\"index, follow, max-snippet:-1, max-image-preview:large, max-video-preview:-1\" \/>\n<link rel=\"canonical\" href=\"https:\/\/hijabgirl-shop.com\/ar\/producto\/panuelo-de-seda-lujoso-tonos-artisticos\/\" \/>\n<meta property=\"og:locale\" content=\"ar_AR\" \/>\n<meta property=\"og:type\" content=\"article\" \/>\n<meta property=\"og:title\" content=\"Pa\u00f1uelo Seda Lujoso - Tonos Art\u00edsticos | Byrihayla\" \/>\n<meta property=\"og:description\" content=\"Descubre el pa\u00f1uelo de seda lujoso con dise\u00f1o art\u00edstico a un precio especial de 363,00 \u20ac. Elegancia y estilo \u00fanicos para destacar.\" \/>\n<meta property=\"og:url\" content=\"https:\/\/hijabgirl-shop.com\/ar\/producto\/panuelo-de-seda-lujoso-tonos-artisticos\/\" \/>\n<meta property=\"og:site_name\" content=\"Byrihayla\" \/>\n<meta property=\"article:modified_time\" content=\"2025-06-13T01:41:47+00:00\" \/>\n<meta property=\"og:image\" content=\"https:\/\/hijabgirl-shop.com\/wp-content\/uploads\/2025\/04\/Leonardo_Vision_XL_Un_pauelo_lujoso_de_seda_presenta_un_diseo_0-1024x832.jpg\" \/>\n\t<meta property=\"og:image:width\" content=\"1024\" \/>\n\t<meta property=\"og:image:height\" content=\"832\" \/>\n\t<meta property=\"og:image:type\" content=\"image\/jpeg\" \/>\n<meta name=\"twitter:card\" content=\"summary_large_image\" \/>\n<!-- \/ Yoast SEO plugin. -->","yoast_head_json":{"title":"Pa\u00f1uelo Seda Lujoso - Tonos Art\u00edsticos | Byrihayla","description":"Descubre el pa\u00f1uelo de seda lujoso con dise\u00f1o art\u00edstico a un precio especial de 363,00 \u20ac. Elegancia y estilo \u00fanicos para destacar.","robots":{"index":"index","follow":"follow","max-snippet":"max-snippet:-1","max-image-preview":"max-image-preview:large","max-video-preview":"max-video-preview:-1"},"canonical":"https:\/\/hijabgirl-shop.com\/ar\/producto\/panuelo-de-seda-lujoso-tonos-artisticos\/","og_locale":"ar_AR","og_type":"article","og_title":"Pa\u00f1uelo Seda Lujoso - Tonos Art\u00edsticos | Byrihayla","og_description":"Descubre el pa\u00f1uelo de seda lujoso con dise\u00f1o art\u00edstico a un precio especial de 363,00 \u20ac. Elegancia y estilo \u00fanicos para destacar.","og_url":"https:\/\/hijabgirl-shop.com\/ar\/producto\/panuelo-de-seda-lujoso-tonos-artisticos\/","og_site_name":"Byrihayla","article_modified_time":"2025-06-13T01:41:47+00:00","og_image":[{"width":1024,"height":832,"url":"https:\/\/hijabgirl-shop.com\/wp-content\/uploads\/2025\/04\/Leonardo_Vision_XL_Un_pauelo_lujoso_de_seda_presenta_un_diseo_0-1024x832.jpg","type":"image\/jpeg"}],"twitter_card":"summary_large_image","schema":{"@context":"https:\/\/schema.org","@graph":[{"@type":"WebPage","@id":"https:\/\/hijabgirl-shop.com\/ar\/producto\/panuelo-de-seda-lujoso-tonos-artisticos\/","url":"https:\/\/hijabgirl-shop.com\/ar\/producto\/panuelo-de-seda-lujoso-tonos-artisticos\/","name":"Pa\u00f1uelo Seda Lujoso - Tonos Art\u00edsticos | Byrihayla","isPartOf":{"@id":"https:\/\/hijabgirl-shop.com\/ar\/#website"},"primaryImageOfPage":{"@id":"https:\/\/hijabgirl-shop.com\/ar\/producto\/panuelo-de-seda-lujoso-tonos-artisticos\/#primaryimage"},"image":{"@id":"https:\/\/hijabgirl-shop.com\/ar\/producto\/panuelo-de-seda-lujoso-tonos-artisticos\/#primaryimage"},"thumbnailUrl":"https:\/\/hijabgirl-shop.com\/wp-content\/uploads\/2025\/04\/Leonardo_Vision_XL_Un_pauelo_lujoso_de_seda_presenta_un_diseo_0.jpg","datePublished":"2025-04-26T14:38:53+00:00","dateModified":"2025-06-13T01:41:47+00:00","description":"Descubre el pa\u00f1uelo de seda lujoso con dise\u00f1o art\u00edstico a un precio especial de 363,00 \u20ac. Elegancia y estilo \u00fanicos para destacar.","breadcrumb":{"@id":"https:\/\/hijabgirl-shop.com\/ar\/producto\/panuelo-de-seda-lujoso-tonos-artisticos\/#breadcrumb"},"inLanguage":"ar","potentialAction":[{"@type":"ReadAction","target":["https:\/\/hijabgirl-shop.com\/ar\/producto\/panuelo-de-seda-lujoso-tonos-artisticos\/"]}]},{"@type":"ImageObject","inLanguage":"ar","@id":"https:\/\/hijabgirl-shop.com\/ar\/producto\/panuelo-de-seda-lujoso-tonos-artisticos\/#primaryimage","url":"https:\/\/hijabgirl-shop.com\/wp-content\/uploads\/2025\/04\/Leonardo_Vision_XL_Un_pauelo_lujoso_de_seda_presenta_un_diseo_0.jpg","contentUrl":"https:\/\/hijabgirl-shop.com\/wp-content\/uploads\/2025\/04\/Leonardo_Vision_XL_Un_pauelo_lujoso_de_seda_presenta_un_diseo_0.jpg","width":1792,"height":1456},{"@type":"BreadcrumbList","@id":"https:\/\/hijabgirl-shop.com\/ar\/producto\/panuelo-de-seda-lujoso-tonos-artisticos\/#breadcrumb","itemListElement":[{"@type":"ListItem","position":1,"name":"Portada","item":"https:\/\/hijabgirl-shop.com\/ar\/"},{"@type":"ListItem","position":2,"name":"Tienda","item":"https:\/\/hijabgirl-shop.com\/ar\/tienda\/"},{"@type":"ListItem","position":3,"name":"Pa\u00f1uelo de Seda Lujoso Tonos Art\u00edsticos"}]},{"@type":"WebSite","@id":"https:\/\/hijabgirl-shop.com\/ar\/#website","url":"https:\/\/hijabgirl-shop.com\/ar\/","name":"Byrihayla","description":"","publisher":{"@id":"https:\/\/hijabgirl-shop.com\/ar\/#organization"},"potentialAction":[{"@type":"SearchAction","target":{"@type":"EntryPoint","urlTemplate":"https:\/\/hijabgirl-shop.com\/ar\/?s={search_term_string}"},"query-input":{"@type":"PropertyValueSpecification","valueRequired":true,"valueName":"search_term_string"}}],"inLanguage":"ar"},{"@type":"Organization","@id":"https:\/\/hijabgirl-shop.com\/ar\/#organization","name":"Byrihayla","url":"https:\/\/hijabgirl-shop.com\/ar\/","logo":{"@type":"ImageObject","inLanguage":"ar","@id":"https:\/\/hijabgirl-shop.com\/ar\/#\/schema\/logo\/image\/","url":"https:\/\/hijabgirl-shop.com\/wp-content\/uploads\/2025\/04\/Leonardo_Phoenix_09_Disear_un_logotipo_para_la_empresa_Byrihay_0.jpg","contentUrl":"https:\/\/hijabgirl-shop.com\/wp-content\/uploads\/2025\/04\/Leonardo_Phoenix_09_Disear_un_logotipo_para_la_empresa_Byrihay_0.jpg","width":768,"height":768,"caption":" Byrihayla"},"image":{"@id":"https:\/\/hijabgirl-shop.com\/ar\/#\/schema\/logo\/image\/"}}]}},"_links":{"self":[{"href":"https:\/\/hijabgirl-shop.com\/ar\/wp-json\/wp\/v2\/product\/672","targetHints":{"allow":["GET"]}}],"collection":[{"href":"https:\/\/hijabgirl-shop.com\/ar\/wp-json\/wp\/v2\/product"}],"about":[{"href":"https:\/\/hijabgirl-shop.com\/ar\/wp-json\/wp\/v2\/types\/product"}],"replies":[{"embeddable":true,"href":"https:\/\/hijabgirl-shop.com\/ar\/wp-json\/wp\/v2\/comments?post=672"}],"wp:featuredmedia":[{"embeddable":true,"href":"https:\/\/hijabgirl-shop.com\/ar\/wp-json\/wp\/v2\/media\/569"}],"wp:attachment":[{"href":"https:\/\/hijabgirl-shop.com\/ar\/wp-json\/wp\/v2\/media?parent=672"}],"wp:term":[{"taxonomy":"marca","embeddable":true,"href":"https:\/\/hijabgirl-shop.com\/ar\/wp-json\/wp\/v2\/marca?post=672"},{"taxonomy":"product_brand","embeddable":true,"href":"https:\/\/hijabgirl-shop.com\/ar\/wp-json\/wp\/v2\/product_brand?post=672"},{"taxonomy":"product_cat","embeddable":true,"href":"https:\/\/hijabgirl-shop.com\/ar\/wp-json\/wp\/v2\/product_cat?post=672"},{"taxonomy":"product_tag","embeddable":true,"href":"https:\/\/hijabgirl-shop.com\/ar\/wp-json\/wp\/v2\/product_tag?post=672"}],"curies":[{"name":"wp","href":"https:\/\/api.w.org\/{rel}","templated":true}]}}